{"id":5218,"date":"2022-03-11T10:46:20","date_gmt":"2022-03-11T10:46:20","guid":{"rendered":"https:\/\/test.campari.com\/dev\/terms-conditions\/"},"modified":"2023-04-14T15:41:46","modified_gmt":"2023-04-14T15:41:46","slug":"terminos-y-condiciones","status":"publish","type":"page","link":"https:\/\/test.campari.com\/dev\/es-es\/terminos-y-condiciones\/","title":{"rendered":"T\u00e9rminos y condiciones"},"content":{"rendered":"","protected":false},"excerpt":{"rendered":"","protected":false},"author":10001,"featured_media":0,"parent":0,"menu_order":0,"comment_status":"closed","ping_status":"closed","template":"templates\/tpl-blocks.php","meta":{"_acf_changed":false,"footnotes":""},"class_list":["post-5218","page","type-page","status-publish","hentry"],"acf":[],"yoast_head":"<!-- This site is optimized with the Yoast SEO plugin v26.9 - https:\/\/yoast.com\/product\/yoast-seo-wordpress\/ -->\n<title>T\u00e9rminos y condiciones | Campari<\/title>\n<meta name=\"description\" content=\"Consulta la p\u00e1gina de condiciones generales de Campari para descubrir nuestras cookies, la pol\u00edtica de privacidad y mucho m\u00e1s.\" \/>\n<meta name=\"robots\" content=\"noindex, follow, max-snippet:-1, max-image-preview:large, max-video-preview:-1\" \/>\n<meta property=\"og:type\" content=\"article\" \/>\n<meta property=\"og:title\" content=\"T\u00e9rminos y condiciones | Campari\" \/>\n<meta property=\"og:description\" content=\"Consulta la p\u00e1gina de condiciones generales de Campari para descubrir nuestras cookies, la pol\u00edtica de privacidad y mucho m\u00e1s.\" \/>\n<meta property=\"og:url\" content=\"https:\/\/www.campari.com\/es-es\/terminos-y-condiciones\/\" \/>\n<meta property=\"og:site_name\" content=\"Campari - es-es\" \/>\n<meta property=\"article:modified_time\" content=\"2023-04-14T15:41:46+00:00\" \/>\n<meta name=\"twitter:card\" content=\"summary_large_image\" \/>\n<!-- \/ Yoast SEO plugin. -->","yoast_head_json":{"title":"T\u00e9rminos y condiciones | Campari","description":"Consulta la p\u00e1gina de condiciones generales de Campari para descubrir nuestras cookies, la pol\u00edtica de privacidad y mucho m\u00e1s.","robots":{"index":"noindex","follow":"follow","max-snippet":"max-snippet:-1","max-image-preview":"max-image-preview:large","max-video-preview":"max-video-preview:-1"},"og_type":"article","og_title":"T\u00e9rminos y condiciones | Campari","og_description":"Consulta la p\u00e1gina de condiciones generales de Campari para descubrir nuestras cookies, la pol\u00edtica de privacidad y mucho m\u00e1s.","og_url":"https:\/\/test.campari.com\/dev\/es-es\/terminos-y-condiciones\/","og_site_name":"Campari - es-es","article_modified_time":"2023-04-14T15:41:46+00:00","twitter_card":"summary_large_image","schema":{"@context":"https:\/\/schema.org","@graph":[{"@type":"WebPage","@id":"https:\/\/test.campari.com\/dev\/es-es\/terminos-y-condiciones\/","url":"https:\/\/test.campari.com\/dev\/es-es\/terminos-y-condiciones\/","name":"T\u00e9rminos y condiciones | Campari","isPartOf":{"@id":"https:\/\/test.campari.com\/dev\/es-es\/#website"},"datePublished":"2022-03-11T10:46:20+00:00","dateModified":"2023-04-14T15:41:46+00:00","description":"Consulta la p\u00e1gina de condiciones generales de Campari para descubrir nuestras cookies, la pol\u00edtica de privacidad y mucho m\u00e1s.","breadcrumb":{"@id":"https:\/\/test.campari.com\/dev\/es-es\/terminos-y-condiciones\/#breadcrumb"},"inLanguage":"es-ES","potentialAction":[{"@type":"ReadAction","target":["https:\/\/www.campari.com\/es-es\/terminos-y-condiciones\/"]}]},{"@type":"BreadcrumbList","@id":"https:\/\/test.campari.com\/dev\/es-es\/terminos-y-condiciones\/#breadcrumb","itemListElement":[{"@type":"ListItem","position":1,"name":"Home","item":"https:\/\/test.campari.com\/dev\/es-es\/"},{"@type":"ListItem","position":2,"name":"T\u00e9rminos y condiciones"}]},{"@type":"WebSite","@id":"https:\/\/test.campari.com\/dev\/es-es\/#website","url":"https:\/\/test.campari.com\/dev\/es-es\/","name":"Campari - es-es","description":"The Iconic Red Italian Bitter","potentialAction":[{"@type":"SearchAction","target":{"@type":"EntryPoint","urlTemplate":"https:\/\/test.campari.com\/dev\/es-es\/?s={search_term_string}"},"query-input":{"@type":"PropertyValueSpecification","valueRequired":true,"valueName":"search_term_string"}}],"inLanguage":"es-ES"}]}},"_links":{"self":[{"href":"https:\/\/test.campari.com\/dev\/es-es\/wp-json\/wp\/v2\/pages\/5218","targetHints":{"allow":["GET"]}}],"collection":[{"href":"https:\/\/test.campari.com\/dev\/es-es\/wp-json\/wp\/v2\/pages"}],"about":[{"href":"https:\/\/test.campari.com\/dev\/es-es\/wp-json\/wp\/v2\/types\/page"}],"author":[{"embeddable":true,"href":"https:\/\/test.campari.com\/dev\/es-es\/wp-json\/wp\/v2\/users\/10001"}],"replies":[{"embeddable":true,"href":"https:\/\/test.campari.com\/dev\/es-es\/wp-json\/wp\/v2\/comments?post=5218"}],"version-history":[{"count":0,"href":"https:\/\/test.campari.com\/dev\/es-es\/wp-json\/wp\/v2\/pages\/5218\/revisions"}],"wp:attachment":[{"href":"https:\/\/test.campari.com\/dev\/es-es\/wp-json\/wp\/v2\/media?parent=5218"}],"curies":[{"name":"wp","href":"https:\/\/api.w.org\/{rel}","templated":true}]}}