{"id":9473,"date":"2022-10-21T08:32:40","date_gmt":"2022-10-21T08:32:40","guid":{"rendered":"https:\/\/test.campari.com\/dev\/?page_id=9473"},"modified":"2025-10-21T15:48:51","modified_gmt":"2025-10-21T15:48:51","slug":"negroni-sbagliato","status":"publish","type":"page","link":"https:\/\/test.campari.com\/dev\/cs-cz\/nase-koktejly\/negroni-sbagliato\/","title":{"rendered":"Negroni Sbagliato"},"content":{"rendered":"","protected":false},"excerpt":{"rendered":"","protected":false},"author":10001,"featured_media":0,"parent":67,"menu_order":0,"comment_status":"closed","ping_status":"closed","template":"templates\/tpl-blocks.php","meta":{"_acf_changed":false,"footnotes":""},"class_list":["post-9473","page","type-page","status-publish","hentry"],"acf":[],"yoast_head":"<!-- This site is optimized with the Yoast SEO plugin v26.9 - https:\/\/yoast.com\/product\/yoast-seo-wordpress\/ -->\n<title>Jak nam\u00edchat Negroni: Ingredience a recept | Campari<\/title>\n<meta name=\"description\" content=\"Campari, rud\u00e9 srdce ka\u017ed\u00e9ho Negroni Sbagliato, kter\u00e9 mu dod\u00e1v\u00e1 charakteristickou barvu a chu\u0165. Objevte p\u016fvodn\u00ed recept a p\u0159\u00edb\u011bh za jedn\u00edm z nejslavn\u011bj\u0161\u00edch koktejl\u016f sv\u011bta.\" \/>\n<meta name=\"robots\" content=\"noindex, follow, max-snippet:-1, max-image-preview:large, max-video-preview:-1\" \/>\n<meta property=\"og:type\" content=\"article\" \/>\n<meta property=\"og:title\" content=\"Jak nam\u00edchat Negroni: Ingredience a recept | Campari\" \/>\n<meta property=\"og:description\" content=\"Campari, rud\u00e9 srdce ka\u017ed\u00e9ho Negroni Sbagliato, kter\u00e9 mu dod\u00e1v\u00e1 charakteristickou barvu a chu\u0165. Objevte p\u016fvodn\u00ed recept a p\u0159\u00edb\u011bh za jedn\u00edm z nejslavn\u011bj\u0161\u00edch koktejl\u016f sv\u011bta.\" \/>\n<meta property=\"og:url\" content=\"https:\/\/www.campari.com\/cs-cz\/nase-koktejly\/negroni-sbagliato\/\" \/>\n<meta property=\"og:site_name\" content=\"Campari - cs-cz\" \/>\n<meta property=\"article:modified_time\" content=\"2025-10-21T15:48:51+00:00\" \/>\n<meta name=\"twitter:card\" content=\"summary_large_image\" \/>\n<!-- \/ Yoast SEO plugin. -->","yoast_head_json":{"title":"Jak nam\u00edchat Negroni: Ingredience a recept | Campari","description":"Campari, rud\u00e9 srdce ka\u017ed\u00e9ho Negroni Sbagliato, kter\u00e9 mu dod\u00e1v\u00e1 charakteristickou barvu a chu\u0165. Objevte p\u016fvodn\u00ed recept a p\u0159\u00edb\u011bh za jedn\u00edm z nejslavn\u011bj\u0161\u00edch koktejl\u016f sv\u011bta.","robots":{"index":"noindex","follow":"follow","max-snippet":"max-snippet:-1","max-image-preview":"max-image-preview:large","max-video-preview":"max-video-preview:-1"},"og_type":"article","og_title":"Jak nam\u00edchat Negroni: Ingredience a recept | Campari","og_description":"Campari, rud\u00e9 srdce ka\u017ed\u00e9ho Negroni Sbagliato, kter\u00e9 mu dod\u00e1v\u00e1 charakteristickou barvu a chu\u0165. Objevte p\u016fvodn\u00ed recept a p\u0159\u00edb\u011bh za jedn\u00edm z nejslavn\u011bj\u0161\u00edch koktejl\u016f sv\u011bta.","og_url":"https:\/\/test.campari.com\/dev\/cs-cz\/nase-koktejly\/negroni-sbagliato\/","og_site_name":"Campari - cs-cz","article_modified_time":"2025-10-21T15:48:51+00:00","twitter_card":"summary_large_image","schema":{"@context":"https:\/\/schema.org","@graph":[{"@type":"WebPage","@id":"https:\/\/test.campari.com\/dev\/cs-cz\/nase-koktejly\/negroni-sbagliato\/","url":"https:\/\/test.campari.com\/dev\/cs-cz\/nase-koktejly\/negroni-sbagliato\/","name":"Jak nam\u00edchat Negroni: Ingredience a recept | Campari","isPartOf":{"@id":"https:\/\/test.campari.com\/dev\/#website"},"datePublished":"2022-10-21T08:32:40+00:00","dateModified":"2025-10-21T15:48:51+00:00","description":"Campari, rud\u00e9 srdce ka\u017ed\u00e9ho Negroni Sbagliato, kter\u00e9 mu dod\u00e1v\u00e1 charakteristickou barvu a chu\u0165. Objevte p\u016fvodn\u00ed recept a p\u0159\u00edb\u011bh za jedn\u00edm z nejslavn\u011bj\u0161\u00edch koktejl\u016f sv\u011bta.","breadcrumb":{"@id":"https:\/\/test.campari.com\/dev\/cs-cz\/nase-koktejly\/negroni-sbagliato\/#breadcrumb"},"inLanguage":"cs-CZ","potentialAction":[{"@type":"ReadAction","target":["https:\/\/www.campari.com\/cs-cz\/nase-koktejly\/negroni-sbagliato\/"]}]},{"@type":"BreadcrumbList","@id":"https:\/\/test.campari.com\/dev\/cs-cz\/nase-koktejly\/negroni-sbagliato\/#breadcrumb","itemListElement":[{"@type":"ListItem","position":1,"name":"Home","item":"https:\/\/test.campari.com\/dev\/cs-cz\/"},{"@type":"ListItem","position":2,"name":"NA\u0160E KOKTEJLY","item":"https:\/\/test.campari.com\/dev\/cs-cz\/nase-koktejly\/"},{"@type":"ListItem","position":3,"name":"Negroni Sbagliato"}]},{"@type":"WebSite","@id":"https:\/\/test.campari.com\/dev\/#website","url":"https:\/\/test.campari.com\/dev\/","name":"Campari - cs-cz","description":"The Iconic Red Italian Bitter","potentialAction":[{"@type":"SearchAction","target":{"@type":"EntryPoint","urlTemplate":"https:\/\/test.campari.com\/dev\/?s={search_term_string}"},"query-input":{"@type":"PropertyValueSpecification","valueRequired":true,"valueName":"search_term_string"}}],"inLanguage":"cs-CZ"}]}},"_links":{"self":[{"href":"https:\/\/test.campari.com\/dev\/cs-cz\/wp-json\/wp\/v2\/pages\/9473","targetHints":{"allow":["GET"]}}],"collection":[{"href":"https:\/\/test.campari.com\/dev\/cs-cz\/wp-json\/wp\/v2\/pages"}],"about":[{"href":"https:\/\/test.campari.com\/dev\/cs-cz\/wp-json\/wp\/v2\/types\/page"}],"author":[{"embeddable":true,"href":"https:\/\/test.campari.com\/dev\/cs-cz\/wp-json\/wp\/v2\/users\/10001"}],"replies":[{"embeddable":true,"href":"https:\/\/test.campari.com\/dev\/cs-cz\/wp-json\/wp\/v2\/comments?post=9473"}],"version-history":[{"count":4,"href":"https:\/\/test.campari.com\/dev\/cs-cz\/wp-json\/wp\/v2\/pages\/9473\/revisions"}],"predecessor-version":[{"id":17493,"href":"https:\/\/test.campari.com\/dev\/cs-cz\/wp-json\/wp\/v2\/pages\/9473\/revisions\/17493"}],"up":[{"embeddable":true,"href":"https:\/\/test.campari.com\/dev\/cs-cz\/wp-json\/wp\/v2\/pages\/67"}],"wp:attachment":[{"href":"https:\/\/test.campari.com\/dev\/cs-cz\/wp-json\/wp\/v2\/media?parent=9473"}],"curies":[{"name":"wp","href":"https:\/\/api.w.org\/{rel}","templated":true}]}}